{"id":381,"date":"2024-02-29T18:23:46","date_gmt":"2024-02-29T17:23:46","guid":{"rendered":"https:\/\/brandzocial.com\/uber-uns\/"},"modified":"2024-03-21T20:33:23","modified_gmt":"2024-03-21T19:33:23","slug":"uber-uns","status":"publish","type":"page","link":"https:\/\/brandzocial.com\/it\/uber-uns\/","title":{"rendered":"Chi siamo"},"content":{"rendered":"<p>Ci occupiamo di comunicazione digitale. Con sobriet\u00e0 anseatica, creativit\u00e0, professionalit\u00e0 e innovazione. La nostra passione: siti web su WordPress su misura e un design web davvero efficace, che si adatta al vostro marchio e al vostro pubblico. Non offriamo una soluzione standard. Scommettiamo sull&#8217;individualit\u00e0. Perch\u00e9 solo cos\u00ec otteniamo l&#8217;attenzione digitale che la vostra azienda merita. Puntiamo a una stretta collaborazione con i nostri clienti. Insieme si ottengono i migliori risultati. Che si tratti di siti web, blog, produzione di media o strategie trasversali per i social media e l&#8217;ottimizzazione dei motori di ricerca: la nostra agenzia offre tutti i servizi a un prezzo equo, tutto sotto lo stesso tetto.<\/p>\n<p>Fidatevi del nostro team esperto per quanto desiderate: che si tratti di un singolo progetto o di una gestione a lungo termine dei vostri siti web, dell&#8217;ottimizzazione SEO o del controllo completo dei vostri canali social su LinkedIn, Instagram e Facebook. Beneficerete di punti di contatto fissi e di un team altamente specializzato che realizzer\u00e0 la migliore soluzione di comunicazione individuale per voi.<\/p>\n<p>&nbsp;<\/p>\n<p><a class=\"btn_one\" href=\"#kontakt\">PARLIAMONE<\/a><\/p>\n","protected":false},"excerpt":{"rendered":"<p>Ci occupiamo di comunicazione digitale. Con sobriet\u00e0 anseatica, creativit\u00e0, professionalit\u00e0 e innovazione. La nostra passione: siti web su WordPress su misura e un design web davvero efficace, che si adatta &hellip; <\/p>\n<p class=\"link-more\"><a href=\"https:\/\/brandzocial.com\/it\/uber-uns\/\" class=\"more-link\">Continue reading<span class=\"screen-reader-text\"> &#8220;Chi siamo&#8221;<\/span><\/a><\/p>\n","protected":false},"author":3,"featured_media":763,"parent":0,"menu_order":0,"comment_status":"closed","ping_status":"closed","template":"template-parts\/uberuns.php","meta":{"_acf_changed":false,"inline_featured_image":false,"footnotes":""},"class_list":["post-381","page","type-page","status-publish","has-post-thumbnail","hentry"],"acf":[],"_links":{"self":[{"href":"https:\/\/brandzocial.com\/it\/wp-json\/wp\/v2\/pages\/381","targetHints":{"allow":["GET"]}}],"collection":[{"href":"https:\/\/brandzocial.com\/it\/wp-json\/wp\/v2\/pages"}],"about":[{"href":"https:\/\/brandzocial.com\/it\/wp-json\/wp\/v2\/types\/page"}],"author":[{"embeddable":true,"href":"https:\/\/brandzocial.com\/it\/wp-json\/wp\/v2\/users\/3"}],"replies":[{"embeddable":true,"href":"https:\/\/brandzocial.com\/it\/wp-json\/wp\/v2\/comments?post=381"}],"version-history":[{"count":4,"href":"https:\/\/brandzocial.com\/it\/wp-json\/wp\/v2\/pages\/381\/revisions"}],"predecessor-version":[{"id":1402,"href":"https:\/\/brandzocial.com\/it\/wp-json\/wp\/v2\/pages\/381\/revisions\/1402"}],"wp:featuredmedia":[{"embeddable":true,"href":"https:\/\/brandzocial.com\/it\/wp-json\/wp\/v2\/media\/763"}],"wp:attachment":[{"href":"https:\/\/brandzocial.com\/it\/wp-json\/wp\/v2\/media?parent=381"}],"curies":[{"name":"wp","href":"https:\/\/api.w.org\/{rel}","templated":true}]}}